{"id":2058,"date":"2024-10-30T04:16:10","date_gmt":"2024-10-30T04:16:10","guid":{"rendered":"https:\/\/centreforexponentialchange.org\/brazil-2\/"},"modified":"2024-11-04T10:36:24","modified_gmt":"2024-11-04T10:36:24","slug":"brazil","status":"publish","type":"page","link":"https:\/\/centreforexponentialchange.org\/pt-br\/brazil\/","title":{"rendered":"Brazil"},"content":{"rendered":"\t\t<div data-elementor-type=\"wp-page\" data-elementor-id=\"2058\" class=\"elementor elementor-2058 elementor-1985\">\n\t\t\t\t<div class=\"elementor-element elementor-element-476bf19 e-con-full e-flex e-con e-parent\" data-id=\"476bf19\" data-element_type=\"container\" data-e-type=\"container\" data-settings=\"{&quot;position&quot;:&quot;absolute&quot;}\">\n\t\t\t\t<div class=\"elementor-element elementor-element-f699939 elementor-absolute elementor-widget elementor-widget-image\" data-id=\"f699939\" data-element_type=\"widget\" data-e-type=\"widget\" data-settings=\"{&quot;_position&quot;:&quot;absolute&quot;}\" data-widget_type=\"image.default\">\n\t\t\t\t<div class=\"elementor-widget-container\">\n\t\t\t\t\t\t\t\t\t\t\t\t\t\t\t<img decoding=\"async\" src=\"https:\/\/centreforexponentialchange.org\/wp-content\/uploads\/2024\/10\/br-header-page-bg-new-3-1.svg\" class=\"attachment-full size-full wp-image-1988\" alt=\"br-header-page-bg-new-3.svg\" \/>\t\t\t\t\t\t\t\t\t\t\t\t\t\t\t<\/div>\n\t\t\t\t<\/div>\n\t\t\t\t<\/div>\n\t\t<div class=\"elementor-element elementor-element-74ca6bb e-flex e-con-boxed e-con e-parent\" data-id=\"74ca6bb\" data-element_type=\"container\" data-e-type=\"container\" data-settings=\"{&quot;background_background&quot;:&quot;gradient&quot;}\">\n\t\t\t\t\t<div class=\"e-con-inner\">\n\t\t<div class=\"elementor-element elementor-element-3e9e52f e-flex e-con-boxed e-con e-child\" data-id=\"3e9e52f\" data-element_type=\"container\" data-e-type=\"container\">\n\t\t\t\t\t<div class=\"e-con-inner\">\n\t\t<div class=\"elementor-element elementor-element-843fd59 e-con-full e-flex e-con e-child\" data-id=\"843fd59\" data-element_type=\"container\" data-e-type=\"container\">\n\t\t\t\t<div class=\"elementor-element elementor-element-67a9c9b elementor-widget-mobile__width-initial elementor-widget elementor-widget-heading\" data-id=\"67a9c9b\" data-element_type=\"widget\" data-e-type=\"widget\" data-widget_type=\"heading.default\">\n\t\t\t\t<div class=\"elementor-widget-container\">\n\t\t\t\t\t<h1 class=\"elementor-heading-title elementor-size-default\">Inspirando <br>\nOndas de Mudan\u00e7a<br>\n<span style=\"font-weight: 600;color:#f04e37\">JUNTOS<\/span><\/h1>\t\t\t\t<\/div>\n\t\t\t\t<\/div>\n\t\t\t\t<\/div>\n\t\t\t\t\t<\/div>\n\t\t\t\t<\/div>\n\t\t\t\t\t<\/div>\n\t\t\t\t<\/div>\n\t\t<div class=\"elementor-element elementor-element-93de1ba e-flex e-con-boxed e-con e-parent\" data-id=\"93de1ba\" data-element_type=\"container\" data-e-type=\"container\" data-settings=\"{&quot;background_background&quot;:&quot;classic&quot;}\">\n\t\t\t\t\t<div class=\"e-con-inner\">\n\t\t\t\t<div class=\"elementor-element elementor-element-27d4e52 elementor-hidden-desktop elementor-hidden-tablet elementor-hidden-mobile elementor-widget elementor-widget-image\" data-id=\"27d4e52\" data-element_type=\"widget\" data-e-type=\"widget\" data-widget_type=\"image.default\">\n\t\t\t\t<div class=\"elementor-widget-container\">\n\t\t\t\t\t\t\t\t\t\t\t\t\t\t\t<img fetchpriority=\"high\" decoding=\"async\" width=\"1600\" height=\"867\" src=\"https:\/\/centreforexponentialchange.org\/wp-content\/uploads\/2024\/10\/brazil-page-img-optimized-1.jpg\" class=\"attachment-full size-full wp-image-1991\" alt=\"brazil-page-img-optimized.jpg\" srcset=\"https:\/\/centreforexponentialchange.org\/wp-content\/uploads\/2024\/10\/brazil-page-img-optimized-1.jpg 1600w, https:\/\/centreforexponentialchange.org\/wp-content\/uploads\/2024\/10\/brazil-page-img-optimized-1-300x163.jpg 300w, https:\/\/centreforexponentialchange.org\/wp-content\/uploads\/2024\/10\/brazil-page-img-optimized-1-1024x555.jpg 1024w, https:\/\/centreforexponentialchange.org\/wp-content\/uploads\/2024\/10\/brazil-page-img-optimized-1-768x416.jpg 768w, https:\/\/centreforexponentialchange.org\/wp-content\/uploads\/2024\/10\/brazil-page-img-optimized-1-1536x832.jpg 1536w\" sizes=\"(max-width: 1600px) 100vw, 1600px\" \/>\t\t\t\t\t\t\t\t\t\t\t\t\t\t\t<\/div>\n\t\t\t\t<\/div>\n\t\t<div class=\"elementor-element elementor-element-ccc8b3e e-con-full e-flex e-con e-child\" data-id=\"ccc8b3e\" data-element_type=\"container\" data-e-type=\"container\">\n\t\t<div class=\"elementor-element elementor-element-296606e e-con-full e-flex e-con e-child\" data-id=\"296606e\" data-element_type=\"container\" data-e-type=\"container\">\n\t\t\t\t<div class=\"elementor-element elementor-element-df5aec4 elementor-widget elementor-widget-text-editor\" data-id=\"df5aec4\" data-element_type=\"widget\" data-e-type=\"widget\" data-widget_type=\"text-editor.default\">\n\t\t\t\t<div class=\"elementor-widget-container\">\n\t\t\t\t\t\t\t\t\tO Instituto Beja tem o orgulho de anunciar a cria\u00e7\u00e3o do <span style=\"color: #f04e37;\">Centro para Mudan\u00e7as Exponenciais (CMe)<\/span> no Brasil, um hub do C4EC\t\t\t\t\t\t\t\t<\/div>\n\t\t\t\t<\/div>\n\t\t\t\t<div class=\"elementor-element elementor-element-3245158 elementor-widget elementor-widget-text-editor\" data-id=\"3245158\" data-element_type=\"widget\" data-e-type=\"widget\" data-widget_type=\"text-editor.default\">\n\t\t\t\t<div class=\"elementor-widget-container\">\n\t\t\t\t\t\t\t\t\tO novo centro busca enfrentar desafios sociais e econ\u00f4micos complexos por meio de solu\u00e7\u00f5es <span style=\"color: #00afad;\">colaborativas<\/span> e <span style=\"color: #00afad;\">inovadoras<\/span>.\t\t\t\t\t\t\t\t<\/div>\n\t\t\t\t<\/div>\n\t\t\t\t<\/div>\n\t\t<div class=\"elementor-element elementor-element-f54209b e-con-full e-flex e-con e-child\" data-id=\"f54209b\" data-element_type=\"container\" data-e-type=\"container\">\n\t\t\t\t<div class=\"elementor-element elementor-element-745cc3a elementor-widget elementor-widget-image\" data-id=\"745cc3a\" data-element_type=\"widget\" data-e-type=\"widget\" data-widget_type=\"image.default\">\n\t\t\t\t<div class=\"elementor-widget-container\">\n\t\t\t\t\t\t\t\t\t\t\t\t\t\t\t<img decoding=\"async\" width=\"642\" height=\"119\" src=\"https:\/\/centreforexponentialchange.org\/wp-content\/uploads\/2024\/11\/c4ec-br-logo-full-color-rgb-1.png\" class=\"attachment-full size-full wp-image-2181\" alt=\"\" srcset=\"https:\/\/centreforexponentialchange.org\/wp-content\/uploads\/2024\/11\/c4ec-br-logo-full-color-rgb-1.png 642w, https:\/\/centreforexponentialchange.org\/wp-content\/uploads\/2024\/11\/c4ec-br-logo-full-color-rgb-1-300x56.png 300w\" sizes=\"(max-width: 642px) 100vw, 642px\" \/>\t\t\t\t\t\t\t\t\t\t\t\t\t\t\t<\/div>\n\t\t\t\t<\/div>\n\t\t\t\t<\/div>\n\t\t\t\t<\/div>\n\t\t<div class=\"elementor-element elementor-element-4da0f26 e-con-full e-flex e-con e-child\" data-id=\"4da0f26\" data-element_type=\"container\" data-e-type=\"container\">\n\t\t<div class=\"elementor-element elementor-element-6d88761 e-con-full elementor-hidden-mobile e-flex e-con e-child\" data-id=\"6d88761\" data-element_type=\"container\" data-e-type=\"container\">\n\t\t\t\t<div class=\"elementor-element elementor-element-4840c7b elementor-widget elementor-widget-image\" data-id=\"4840c7b\" data-element_type=\"widget\" data-e-type=\"widget\" data-widget_type=\"image.default\">\n\t\t\t\t<div class=\"elementor-widget-container\">\n\t\t\t\t\t\t\t\t\t\t\t\t\t\t\t<img decoding=\"async\" src=\"https:\/\/centreforexponentialchange.org\/wp-content\/uploads\/2024\/11\/Spiral-04.svg\" class=\"attachment-full size-full wp-image-2138\" alt=\"Spiral-04\" \/>\t\t\t\t\t\t\t\t\t\t\t\t\t\t\t<\/div>\n\t\t\t\t<\/div>\n\t\t\t\t<\/div>\n\t\t<div class=\"elementor-element elementor-element-8190918 e-con-full e-flex e-con e-child\" data-id=\"8190918\" data-element_type=\"container\" data-e-type=\"container\">\n\t\t\t\t<div class=\"elementor-element elementor-element-890b6d1 elementor-widget elementor-widget-text-editor\" data-id=\"890b6d1\" data-element_type=\"widget\" data-e-type=\"widget\" data-widget_type=\"text-editor.default\">\n\t\t\t\t<div class=\"elementor-widget-container\">\n\t\t\t\t\t\t\t\t\t<p>Diante das dificuldades estruturais do Brasil, o CMe atuar\u00e1 como um catalisador, conectando sociedade civil, setor privado e governo para promover transforma\u00e7\u00f5es em larga escala. Sua abordagem destaca a import\u00e2ncia da a\u00e7\u00e3o coletiva e do uso estrat\u00e9gico da tecnologia digital, que, quando bem concebida, torna-se essencial para superar nossos desafios.<\/p>\t\t\t\t\t\t\t\t<\/div>\n\t\t\t\t<\/div>\n\t\t\t\t<div class=\"elementor-element elementor-element-4be89e8 elementor-widget elementor-widget-text-editor\" data-id=\"4be89e8\" data-element_type=\"widget\" data-e-type=\"widget\" data-widget_type=\"text-editor.default\">\n\t\t\t\t<div class=\"elementor-widget-container\">\n\t\t\t\t\t\t\t\t\t<p>O CMe representa um marco na miss\u00e3o do Instituto Beja: uma filantropia inspiradora, inovadora, colaborativa e eficaz, comprometida com transforma\u00e7\u00f5es de longo prazo e com o enfrentamento de problemas sist\u00eamicos.<\/p>\t\t\t\t\t\t\t\t<\/div>\n\t\t\t\t<\/div>\n\t\t\t\t<\/div>\n\t\t\t\t<\/div>\n\t\t\t\t\t<\/div>\n\t\t\t\t<\/div>\n\t\t<div class=\"elementor-element elementor-element-67e3d6e about-us-section-3 e-flex e-con-boxed e-con e-parent\" data-id=\"67e3d6e\" data-element_type=\"container\" data-e-type=\"container\">\n\t\t\t\t\t<div class=\"e-con-inner\">\n\t\t\t\t<div class=\"elementor-element elementor-element-9c5df75 elementor-widget elementor-widget-heading\" data-id=\"9c5df75\" data-element_type=\"widget\" data-e-type=\"widget\" data-widget_type=\"heading.default\">\n\t\t\t\t<div class=\"elementor-widget-container\">\n\t\t\t\t\t<h2 class=\"elementor-heading-title elementor-size-default\">Aprender, Agir de forma Colaborativa e Inspirar<\/h2>\t\t\t\t<\/div>\n\t\t\t\t<\/div>\n\t\t\t\t<div class=\"elementor-element elementor-element-e727b43 elementor-widget elementor-widget-spacer\" data-id=\"e727b43\" data-element_type=\"widget\" data-e-type=\"widget\" data-widget_type=\"spacer.default\">\n\t\t\t\t<div class=\"elementor-widget-container\">\n\t\t\t\t\t\t\t<div class=\"elementor-spacer\">\n\t\t\t<div class=\"elementor-spacer-inner\"><\/div>\n\t\t<\/div>\n\t\t\t\t\t\t<\/div>\n\t\t\t\t<\/div>\n\t\t<div class=\"elementor-element elementor-element-b08b8c4 e-con-full e-flex e-con e-child\" data-id=\"b08b8c4\" data-element_type=\"container\" data-e-type=\"container\" data-settings=\"{&quot;background_background&quot;:&quot;classic&quot;}\">\n\t\t\t\t<div class=\"elementor-element elementor-element-23a113b elementor-widget__width-initial elementor-widget elementor-widget-text-editor\" data-id=\"23a113b\" data-element_type=\"widget\" data-e-type=\"widget\" data-widget_type=\"text-editor.default\">\n\t\t\t\t<div class=\"elementor-widget-container\">\n\t\t\t\t\t\t\t\t\t<p>Nosso objetivo \u00e9 aprender, agir de forma colaborativa e inspirar, promovendo experi\u00eancias pr\u00e1ticas e redes de articula\u00e7\u00e3o que fortale\u00e7am o ecossistema de inova\u00e7\u00f5es exponenciais. Com essa iniciativa, o Instituto Beja reafirma seu compromisso com a co-cria\u00e7\u00e3o de solu\u00e7\u00f5es transformadoras para os desafios mais urgentes do Brasil.<\/p>\t\t\t\t\t\t\t\t<\/div>\n\t\t\t\t<\/div>\n\t\t\t\t<\/div>\n\t\t\t\t\t<\/div>\n\t\t\t\t<\/div>\n\t\t<div class=\"elementor-element elementor-element-8c5a35d e-con-full e-flex e-con e-parent\" data-id=\"8c5a35d\" data-element_type=\"container\" data-e-type=\"container\" data-settings=\"{&quot;background_background&quot;:&quot;classic&quot;}\">\n\t\t\t\t<div class=\"elementor-element elementor-element-69faa25 elementor-widget elementor-widget-wp-widget-teambrazil_widget\" data-id=\"69faa25\" data-element_type=\"widget\" data-e-type=\"widget\" data-widget_type=\"wp-widget-teambrazil_widget.default\">\n\t\t\t\t<div class=\"elementor-widget-container\">\n\t\t\t\t\t\n        <!-- <section class=\"about-us-our-team-section\">\n            <div class=\"container-fluid\"> -->\n\n        <div class=\"container mb-4 p-md-0\">\n            <div class=\"our-team-swiper-controls-wrap\">\n                <div class=\"our-team-section-title-wrap\">\n                    <h3>Core team<\/h3>\n                <\/div>\n                <div class=\"our-team-progress-wrap\">\n                    <div class=\"our-team-progressbar-wrap\">\n                        <div class=\"ourteam-pagination swiper-pagination\"><\/div>\n                    <\/div>\n\n                    <div class=\"our-team-nav-wrap\">\n                        <div class=\"ourteam-nav-next swiper-button-next\"><\/div>\n                        <div class=\"ourteam-nav-prev swiper-button-prev\"><\/div>\n                    <\/div>\n\n                <\/div>\n\n            <\/div>\n        <\/div>\n\n\n        <!-- <div class=\"mt-2 mt-md-5\"> -->\n        <section class=\"about-us-our-team-section\">\n            <div class=\"container-fluid p-0\">\n                <div class=\"swiper ourTeamSwiper pe-4\">\n                    <!-- Additional required wrapper -->\n                    <div class=\"swiper-wrapper brazil-swiper-wrapper\">\n\n                        \n                                                            <div class=\"swiper-slide\">\n                                    <div class=\"ourTeam-card\">\n                                        <div class=\"ourTeam-img\" style=\"background-image:url(https:\/\/centreforexponentialchange.org\/wp-content\/uploads\/2024\/10\/Cristiane.jpg)\">\n\n                                        <\/div>\n                                        <div class=\"ourTeam-content\">\n                                            <h3>\n                                                Cristiane Sultani                                            <\/h3>\n                                            <h4>\n                                                Advisor                                            <\/h4>\n                                                                                            <a href=\"https:\/\/br.linkedin.com\/in\/cristiane-sultani-3556a61a9\" target=\"_blank\"><img decoding=\"async\" src=\"https:\/\/centreforexponentialchange.org\/wp-content\/themes\/cec\/images\/linkedin.svg\"><\/a>\n                                                                                    <\/div>\n                                    <\/div>\n                                <\/div>\n\n                                \n                            \n                            \n                                <div class=\"swiper-slide\">\n                                    <div class=\"ourTeam-card\">\n\n                                        <div class=\"ourTeam-content\">\n                                            <h3>\n                                                Fabio Tran                                            <\/h3>\n                                            <h4>\n                                                Director                                            <\/h4>\n                                                                                            <a href=\"http:\/\/www.linkedin.com\/in\/fabiotran\" target=\"_blank\"><img decoding=\"async\" src=\"https:\/\/centreforexponentialchange.org\/wp-content\/themes\/cec\/images\/linkedin.svg\"><\/a>\n                                                                                    <\/div>\n                                        <div class=\"ourTeam-img\" style=\"background-image:url(https:\/\/centreforexponentialchange.org\/wp-content\/uploads\/2025\/07\/Fabio.jpg)\">\n\n                                        <\/div>\n\n                                    <\/div>\n                                <\/div>\n\n                                \n                            \n                                                            <div class=\"swiper-slide\">\n                                    <div class=\"ourTeam-card\">\n                                        <div class=\"ourTeam-img\" style=\"background-image:url(https:\/\/centreforexponentialchange.org\/wp-content\/uploads\/2025\/07\/Arruda-Velasco.jpg)\">\n\n                                        <\/div>\n                                        <div class=\"ourTeam-content\">\n                                            <h3>\n                                                Inara Arruda Velasco                                            <\/h3>\n                                            <h4>\n                                                Analyst                                            <\/h4>\n                                                                                            <a href=\"https:\/\/www.linkedin.com\/in\/inaravelasco\/\" target=\"_blank\"><img decoding=\"async\" src=\"https:\/\/centreforexponentialchange.org\/wp-content\/themes\/cec\/images\/linkedin.svg\"><\/a>\n                                                                                    <\/div>\n                                    <\/div>\n                                <\/div>\n\n                                \n                            \n                            \n                                <div class=\"swiper-slide\">\n                                    <div class=\"ourTeam-card\">\n\n                                        <div class=\"ourTeam-content\">\n                                            <h3>\n                                                Robert Parkinson                                            <\/h3>\n                                            <h4>\n                                                PMO                                            <\/h4>\n                                                                                            <a href=\"https:\/\/www.linkedin.com\/in\/robjparkinson\/\" target=\"_blank\"><img decoding=\"async\" src=\"https:\/\/centreforexponentialchange.org\/wp-content\/themes\/cec\/images\/linkedin.svg\"><\/a>\n                                                                                    <\/div>\n                                        <div class=\"ourTeam-img\" style=\"background-image:url(https:\/\/centreforexponentialchange.org\/wp-content\/uploads\/2024\/12\/Rob.png)\">\n\n                                        <\/div>\n\n                                    <\/div>\n                                <\/div>\n\n                                \n                            \n                    <\/div>\n\n                <\/div>\n\n            <\/div>\n\n        <\/section>\n\n        <!-- <\/div> -->\n\n        <!-- <\/div>\n\n        <\/section> -->\n\n        \t\t\t\t<\/div>\n\t\t\t\t<\/div>\n\t\t\t\t<\/div>\n\t\t\t\t<\/div>\n\t\t","protected":false},"excerpt":{"rendered":"<p>Inspirando Ondas de Mudan\u00e7a JUNTOS O Instituto Beja tem o orgulho de anunciar a cria\u00e7\u00e3o do Centro para Mudan\u00e7as Exponenciais (CMe) no Brasil, um hub do C4ECO novo centro busca enfrentar desafios sociais e econ\u00f4micos complexos por meio de solu\u00e7\u00f5es colaborativas e inovadoras. Diante das dificuldades estruturais do Brasil, o CMe atuar\u00e1 como um catalisador, [&hellip;]<\/p>\n","protected":false},"author":1,"featured_media":0,"parent":0,"menu_order":0,"comment_status":"closed","ping_status":"closed","template":"elementor_header_footer","meta":{"pgc_sgb_lightbox_settings":"","footnotes":""},"class_list":["post-2058","page","type-page","status-publish","hentry"],"yoast_head":"<!-- This site is optimized with the Yoast SEO plugin v27.4 - https:\/\/yoast.com\/product\/yoast-seo-wordpress\/ -->\n<title>Brazil - Centre for Exponential Change (C4EC)<\/title>\n<meta name=\"robots\" content=\"index, follow, max-snippet:-1, max-image-preview:large, max-video-preview:-1\" \/>\n<link rel=\"canonical\" href=\"https:\/\/centreforexponentialchange.org\/pt-br\/brazil\/\" \/>\n<meta property=\"og:locale\" content=\"pt_BR\" \/>\n<meta property=\"og:type\" content=\"article\" \/>\n<meta property=\"og:title\" content=\"Brazil - Centre for Exponential Change (C4EC)\" \/>\n<meta property=\"og:description\" content=\"Inspirando Ondas de Mudan\u00e7a JUNTOS O Instituto Beja tem o orgulho de anunciar a cria\u00e7\u00e3o do Centro para Mudan\u00e7as Exponenciais (CMe) no Brasil, um hub do C4ECO novo centro busca enfrentar desafios sociais e econ\u00f4micos complexos por meio de solu\u00e7\u00f5es colaborativas e inovadoras. Diante das dificuldades estruturais do Brasil, o CMe atuar\u00e1 como um catalisador, [&hellip;]\" \/>\n<meta property=\"og:url\" content=\"https:\/\/centreforexponentialchange.org\/pt-br\/brazil\/\" \/>\n<meta property=\"og:site_name\" content=\"Centre for Exponential Change (C4EC)\" \/>\n<meta property=\"article:modified_time\" content=\"2024-11-04T10:36:24+00:00\" \/>\n<meta property=\"og:image\" content=\"https:\/\/centreforexponentialchange.org\/wp-content\/uploads\/2024\/10\/br-header-page-bg-new-3-1.svg\" \/>\n<meta name=\"twitter:card\" content=\"summary_large_image\" \/>\n<meta name=\"twitter:site\" content=\"@Xponential_chng\" \/>\n<meta name=\"twitter:label1\" content=\"Est. tempo de leitura\" \/>\n\t<meta name=\"twitter:data1\" content=\"3 minutos\" \/>\n<!-- \/ Yoast SEO plugin. -->","yoast_head_json":{"title":"Brazil - Centre for Exponential Change (C4EC)","robots":{"index":"index","follow":"follow","max-snippet":"max-snippet:-1","max-image-preview":"max-image-preview:large","max-video-preview":"max-video-preview:-1"},"canonical":"https:\/\/centreforexponentialchange.org\/pt-br\/brazil\/","og_locale":"pt_BR","og_type":"article","og_title":"Brazil - Centre for Exponential Change (C4EC)","og_description":"Inspirando Ondas de Mudan\u00e7a JUNTOS O Instituto Beja tem o orgulho de anunciar a cria\u00e7\u00e3o do Centro para Mudan\u00e7as Exponenciais (CMe) no Brasil, um hub do C4ECO novo centro busca enfrentar desafios sociais e econ\u00f4micos complexos por meio de solu\u00e7\u00f5es colaborativas e inovadoras. Diante das dificuldades estruturais do Brasil, o CMe atuar\u00e1 como um catalisador, [&hellip;]","og_url":"https:\/\/centreforexponentialchange.org\/pt-br\/brazil\/","og_site_name":"Centre for Exponential Change (C4EC)","article_modified_time":"2024-11-04T10:36:24+00:00","og_image":[{"url":"https:\/\/centreforexponentialchange.org\/wp-content\/uploads\/2024\/10\/br-header-page-bg-new-3-1.svg","type":"","width":"","height":""}],"twitter_card":"summary_large_image","twitter_site":"@Xponential_chng","twitter_misc":{"Est. tempo de leitura":"3 minutos"},"schema":{"@context":"https:\/\/schema.org","@graph":[{"@type":"WebPage","@id":"https:\/\/centreforexponentialchange.org\/pt-br\/brazil\/","url":"https:\/\/centreforexponentialchange.org\/pt-br\/brazil\/","name":"Brazil - Centre for Exponential Change (C4EC)","isPartOf":{"@id":"https:\/\/centreforexponentialchange.org\/pt-br\/#website"},"primaryImageOfPage":{"@id":"https:\/\/centreforexponentialchange.org\/pt-br\/brazil\/#primaryimage"},"image":{"@id":"https:\/\/centreforexponentialchange.org\/pt-br\/brazil\/#primaryimage"},"thumbnailUrl":"https:\/\/centreforexponentialchange.org\/wp-content\/uploads\/2024\/10\/br-header-page-bg-new-3-1.svg","datePublished":"2024-10-30T04:16:10+00:00","dateModified":"2024-11-04T10:36:24+00:00","breadcrumb":{"@id":"https:\/\/centreforexponentialchange.org\/pt-br\/brazil\/#breadcrumb"},"inLanguage":"pt-BR","potentialAction":[{"@type":"ReadAction","target":["https:\/\/centreforexponentialchange.org\/pt-br\/brazil\/"]}]},{"@type":"ImageObject","inLanguage":"pt-BR","@id":"https:\/\/centreforexponentialchange.org\/pt-br\/brazil\/#primaryimage","url":"https:\/\/centreforexponentialchange.org\/wp-content\/uploads\/2024\/10\/br-header-page-bg-new-3-1.svg","contentUrl":"https:\/\/centreforexponentialchange.org\/wp-content\/uploads\/2024\/10\/br-header-page-bg-new-3-1.svg"},{"@type":"BreadcrumbList","@id":"https:\/\/centreforexponentialchange.org\/pt-br\/brazil\/#breadcrumb","itemListElement":[{"@type":"ListItem","position":1,"name":"Home","item":"https:\/\/centreforexponentialchange.org\/pt-br\/"},{"@type":"ListItem","position":2,"name":"Brazil"}]},{"@type":"WebSite","@id":"https:\/\/centreforexponentialchange.org\/pt-br\/#website","url":"https:\/\/centreforexponentialchange.org\/pt-br\/","name":"Centre for Exponential Change (C4EC)","description":"","publisher":{"@id":"https:\/\/centreforexponentialchange.org\/pt-br\/#organization"},"potentialAction":[{"@type":"SearchAction","target":{"@type":"EntryPoint","urlTemplate":"https:\/\/centreforexponentialchange.org\/pt-br\/?s={search_term_string}"},"query-input":{"@type":"PropertyValueSpecification","valueRequired":true,"valueName":"search_term_string"}}],"inLanguage":"pt-BR"},{"@type":"Organization","@id":"https:\/\/centreforexponentialchange.org\/pt-br\/#organization","name":"Centre for Exponential Change (C4EC)","url":"https:\/\/centreforexponentialchange.org\/pt-br\/","logo":{"@type":"ImageObject","inLanguage":"pt-BR","@id":"https:\/\/centreforexponentialchange.org\/pt-br\/#\/schema\/logo\/image\/","url":"https:\/\/centreforexponentialchange.org\/wp-content\/uploads\/2023\/12\/CEC-logo.png","contentUrl":"https:\/\/centreforexponentialchange.org\/wp-content\/uploads\/2023\/12\/CEC-logo.png","width":600,"height":198,"caption":"Centre for Exponential Change (C4EC)"},"image":{"@id":"https:\/\/centreforexponentialchange.org\/pt-br\/#\/schema\/logo\/image\/"},"sameAs":["https:\/\/x.com\/Xponential_chng","https:\/\/www.linkedin.com\/company\/exponential-change\/"]}]}},"_links":{"self":[{"href":"https:\/\/centreforexponentialchange.org\/pt-br\/wp-json\/wp\/v2\/pages\/2058","targetHints":{"allow":["GET"]}}],"collection":[{"href":"https:\/\/centreforexponentialchange.org\/pt-br\/wp-json\/wp\/v2\/pages"}],"about":[{"href":"https:\/\/centreforexponentialchange.org\/pt-br\/wp-json\/wp\/v2\/types\/page"}],"author":[{"embeddable":true,"href":"https:\/\/centreforexponentialchange.org\/pt-br\/wp-json\/wp\/v2\/users\/1"}],"replies":[{"embeddable":true,"href":"https:\/\/centreforexponentialchange.org\/pt-br\/wp-json\/wp\/v2\/comments?post=2058"}],"version-history":[{"count":75,"href":"https:\/\/centreforexponentialchange.org\/pt-br\/wp-json\/wp\/v2\/pages\/2058\/revisions"}],"predecessor-version":[{"id":2213,"href":"https:\/\/centreforexponentialchange.org\/pt-br\/wp-json\/wp\/v2\/pages\/2058\/revisions\/2213"}],"wp:attachment":[{"href":"https:\/\/centreforexponentialchange.org\/pt-br\/wp-json\/wp\/v2\/media?parent=2058"}],"curies":[{"name":"wp","href":"https:\/\/api.w.org\/{rel}","templated":true}]}}